{"id":5,"date":"2025-05-23T02:11:35","date_gmt":"2025-05-23T00:11:35","guid":{"rendered":"https:\/\/www.kruemelsabenteuer.de\/?page_id=5"},"modified":"2025-06-13T20:36:51","modified_gmt":"2025-06-13T18:36:51","slug":"impressum","status":"publish","type":"page","link":"https:\/\/www.kruemelsabenteuer.de\/?page_id=5","title":{"rendered":"Impressum"},"content":{"rendered":"\n<h2 class=\"wp-block-heading\"><\/h2>\n\n\n\n<div class=\"wp-block-group is-style-section-5 has-global-padding is-layout-constrained wp-block-group-is-layout-constrained is-style-section-5--1\" style=\"border-radius:30px;margin-top:0;margin-bottom:0;padding-top:0;padding-bottom:0\">\n<div class=\"wp-block-columns alignwide is-layout-flex wp-container-core-columns-is-layout-7ee84d44 wp-block-columns-is-layout-flex\">\n<div class=\"wp-block-column is-vertically-aligned-center is-layout-flow wp-block-column-is-layout-flow\" style=\"flex-basis:100%\">\n<p><\/p>\n\n\n\n<h2 class=\"wp-block-heading\">Angaben gem\u00e4\u00df \u00a7 5 TMG \/ \u00a7 24 Mediengesetz<\/h2>\n\n\n\n<p>Betreuung und inhaltliche Verantwortung dieser Website:<br>Elyra Valen<br>Altwaldh\u00e4usl 55<br>3662 M\u00fcnichreith-Laimbach<br>\u00d6sterreich \/ Austria<\/p>\n\n\n\n<p>Telefon: +43 7413 22 341<br>E-Mail: office@kruemelsabenteuer.de<\/p>\n\n\n\n<p><strong>Im Auftrag des Projektes:<\/strong><br>Elyra Valen \u2013 Kr\u00fcmels Abenteuer<br>(k\u00fcnstlerische Leitung)<\/p>\n\n\n\n<p><strong>Hinweis:<\/strong><\/p>\n\n\n\n<p>Diese Website wird betreut und technisch administriert durch Ostrong Games (Website-Verantwortlicher gem\u00e4\u00df \u00a7 24 Mediengesetz, \u00a7 5 TMG). Alle k\u00fcnstlerischen und buchbezogenen Inhalte sind Werke der Autorin unter dem Pseudonym Elyra Valen.<br>Direkte Kontaktaufnahme zu den Inhalten\/Urheberrechten bitte \u00fcber die obigen Kontaktdaten.<\/p>\n\n\n\n<p>Haftungsausschluss, Urheberrecht, Datenschutz, externe Links, Online-Streitbeilegung<\/p>\n\n\n\n<p>(Text wie oben bereits formuliert)<\/p>\n\n\n\n<p><strong>Medieninhaber und Herausgeber:<\/strong><\/p>\n\n\n\n<p>Elyra Valen<br>(K\u00fcnstlerische Leitung)<br>Adresse wie oben<\/p>\n\n\n\n<p><strong>Haftungsausschluss (Disclaimer):<\/strong><\/p>\n\n\n\n<p>Die Inhalte dieser Website wurden mit gr\u00f6\u00dfter Sorgfalt erstellt. F\u00fcr die Richtigkeit, Vollst\u00e4ndigkeit und Aktualit\u00e4t der Inhalte wird jedoch keine Gew\u00e4hr \u00fcbernommen. Als Diensteanbieter bin ich gem\u00e4\u00df \u00a7 7 Abs. 1 TMG bzw. \u00a7 16 ECG f\u00fcr eigene Inhalte auf diesen Seiten nach den allgemeinen Gesetzen verantwortlich. Nach \u00a7\u00a7 8 bis 10 TMG\/ECG bin ich jedoch nicht verpflichtet, \u00fcbermittelte oder gespeicherte fremde Informationen zu \u00fcberwachen oder nach Umst\u00e4nden zu forschen, die auf eine rechtswidrige T\u00e4tigkeit hinweisen. Verpflichtungen zur Entfernung oder Sperrung der Nutzung von Informationen nach den allgemeinen Gesetzen bleiben hiervon unber\u00fchrt.<\/p>\n\n\n\n<p>Eine Haftung ist jedoch erst ab dem Zeitpunkt der Kenntnis einer konkreten Rechtsverletzung m\u00f6glich. Bei Bekanntwerden von entsprechenden Rechtsverletzungen werde ich diese Inhalte umgehend entfernen.<\/p>\n\n\n\n<p><strong>Urheberrecht:<\/strong><\/p>\n\n\n\n<p><br>Die durch die Seitenbetreiber erstellten Inhalte und Werke auf diesen Seiten unterliegen dem \u00f6sterreichischen und internationalen Urheberrecht. Die Vervielf\u00e4ltigung, Bearbeitung, Verbreitung und jede Art der Verwertung au\u00dferhalb der Grenzen des Urheberrechts bed\u00fcrfen der schriftlichen Zustimmung des jeweiligen Autors bzw. Erstellers.<\/p>\n\n\n\n<p><strong>Externe Links:<\/strong><\/p>\n\n\n\n<p><br>Diese Website enth\u00e4lt Links zu externen Webseiten Dritter, auf deren Inhalte ich keinen Einfluss habe. Deshalb kann f\u00fcr diese fremden Inhalte auch keine Gew\u00e4hr \u00fcbernommen werden. F\u00fcr die Inhalte der verlinkten Seiten ist stets der jeweilige Anbieter oder Betreiber der Seiten verantwortlich.<\/p>\n\n\n\n<p><strong>Datenschutz:<\/strong><\/p>\n\n\n\n<p>Die Nutzung meiner Webseite ist in der Regel ohne Angabe personenbezogener Daten m\u00f6glich. Soweit auf meinen Seiten personenbezogene Daten (beispielsweise Name, Anschrift oder E-Mail-Adressen) erhoben werden, erfolgt dies, soweit m\u00f6glich, stets auf freiwilliger Basis. Diese Daten werden ohne Ihre ausdr\u00fcckliche Zustimmung nicht an Dritte weitergegeben.<\/p>\n\n\n\n<p>Ich weise darauf hin, dass die Daten\u00fcbertragung im Internet (z.\u202fB. bei der Kommunikation per E-Mail) Sicherheitsl\u00fccken aufweisen kann. Ein l\u00fcckenloser Schutz der Daten vor dem Zugriff durch Dritte ist nicht m\u00f6glich. Weitere Informationen finden Sie in meiner Datenschutzerkl\u00e4rung (bitte verlinken, falls vorhanden).<\/p>\n\n\n\n<p><strong>Online-Streitbeilegung:<\/strong><\/p>\n\n\n\n<p>Verbraucher haben die M\u00f6glichkeit, Beschwerden an die Online-Streitbeilegungsplattform der EU zu richten: https:\/\/ec.europa.eu\/odr. Sie k\u00f6nnen allf\u00e4llige Beschwerden auch an die oben angegebene E-Mail-Adresse richten.<\/p>\n\n\n\n<p><strong>Hinweis gem\u00e4\u00df \u00a7 25 Mediengesetz:<\/strong><\/p>\n\n\n\n<p>Medieninhaber und Herausgeber: Elyra Valen<br>Grundlegende Richtung: Information \u00fcber das Projekt \u201eKr\u00fcmels Abenteuer\u201c, Kinderb\u00fccher, Spiele und verwandte Themen.<\/p>\n\n\n\n<p><strong>Gender-Hinweis:<\/strong><\/p>\n\n\n\n<p>Aus Gr\u00fcnden der besseren Lesbarkeit wird auf dieser Website auf eine geschlechtsspezifische Differenzierung verzichtet. S\u00e4mtliche Personenbezeichnungen gelten gleicherma\u00dfen f\u00fcr alle Geschlechter.<\/p>\n\n\n\n<p><strong>Quelle:<\/strong><\/p>\n\n\n\n<p>Eigene Angaben, Rechtsgrundlagen TMG\/ECG\/MedienG\/DSGVO.<\/p>\n\n\n\n<p class=\"has-medium-font-size\"><em>Letzte Aktualisierung: Mai 2025<\/em><\/p>\n<\/div>\n<\/div>\n<\/div>\n","protected":false},"excerpt":{"rendered":"<p>Angaben gem\u00e4\u00df \u00a7 5 TMG \/ \u00a7 24 Mediengesetz Betreuung und inhaltliche Verantwortung dieser Website:Elyra ValenAltwaldh\u00e4usl 553662 M\u00fcnichreith-Laimbach\u00d6sterreich \/ Austria Telefon: +43 7413 22 341E-Mail: office@kruemelsabenteuer.de Im Auftrag des Projektes:Elyra Valen \u2013 Kr\u00fcmels Abenteuer(k\u00fcnstlerische Leitung) Hinweis: Diese Website wird betreut und technisch administriert durch Ostrong Games (Website-Verantwortlicher gem\u00e4\u00df \u00a7 24 Mediengesetz, \u00a7 5 TMG). Alle [&hellip;]<\/p>\n","protected":false},"author":1,"featured_media":0,"parent":0,"menu_order":0,"comment_status":"closed","ping_status":"closed","template":"","meta":{"footnotes":""},"class_list":["post-5","page","type-page","status-publish","hentry"],"_links":{"self":[{"href":"https:\/\/www.kruemelsabenteuer.de\/index.php?rest_route=\/wp\/v2\/pages\/5","targetHints":{"allow":["GET"]}}],"collection":[{"href":"https:\/\/www.kruemelsabenteuer.de\/index.php?rest_route=\/wp\/v2\/pages"}],"about":[{"href":"https:\/\/www.kruemelsabenteuer.de\/index.php?rest_route=\/wp\/v2\/types\/page"}],"author":[{"embeddable":true,"href":"https:\/\/www.kruemelsabenteuer.de\/index.php?rest_route=\/wp\/v2\/users\/1"}],"replies":[{"embeddable":true,"href":"https:\/\/www.kruemelsabenteuer.de\/index.php?rest_route=%2Fwp%2Fv2%2Fcomments&post=5"}],"version-history":[{"count":6,"href":"https:\/\/www.kruemelsabenteuer.de\/index.php?rest_route=\/wp\/v2\/pages\/5\/revisions"}],"predecessor-version":[{"id":679,"href":"https:\/\/www.kruemelsabenteuer.de\/index.php?rest_route=\/wp\/v2\/pages\/5\/revisions\/679"}],"wp:attachment":[{"href":"https:\/\/www.kruemelsabenteuer.de\/index.php?rest_route=%2Fwp%2Fv2%2Fmedia&parent=5"}],"curies":[{"name":"wp","href":"https:\/\/api.w.org\/{rel}","templated":true}]}}