{"id":81,"date":"2025-05-23T04:21:44","date_gmt":"2025-05-23T02:21:44","guid":{"rendered":"https:\/\/www.kruemelsabenteuer.de\/?page_id=81"},"modified":"2025-05-25T04:00:32","modified_gmt":"2025-05-25T02:00:32","slug":"buecher-aus-der-reihe-kruemels-abenteuer","status":"publish","type":"page","link":"https:\/\/www.kruemelsabenteuer.de\/?page_id=81","title":{"rendered":"Kr\u00fcmels Abenteuer"},"content":{"rendered":"\n<div class=\"wp-block-columns alignwide is-style-section-5 kr-aquabox2 is-layout-flex wp-container-core-columns-is-layout-28f84493 wp-block-columns-is-layout-flex is-style-section-5--1\" style=\"box-shadow:var(--wp--preset--shadow--natural)\">\n<div class=\"wp-block-column is-vertically-aligned-center is-layout-flow wp-block-column-is-layout-flow\" style=\"flex-basis:50%\">\n<h2 class=\"wp-block-heading has-accent-2-color has-text-color has-link-color wp-elements-7c1eed0c30700903a2413102a0528a4d\"><strong>Ein Freund f\u00fcr Kr\u00fcmel<\/strong><\/h2>\n\n\n\n<p><strong>Ein kleiner Ausflug in die gro\u00dfe Stadt \u2013 und ein Abenteuer, das das Herz ver\u00e4ndert.<\/strong><br>Talin reist mit seiner Familie nach Elarion, der Hauptstadt des K\u00f6nigreichs. Zwischen Gassen, G\u00e4rten und goldenen T\u00fcrmen entdeckt er nicht nur neue Ger\u00fcche und Ger\u00e4usche \u2013 sondern auch einen geheimen Ort, einen Jungen namens Kr\u00fcmel und das gro\u00dfe Gef\u00fchl von echter Freundschaft.<\/p>\n\n\n\n<p>Diese liebevolle Geschichte ist die Einf\u00fchrung von den Romanen 14+ in die Welt von Kr\u00fcmel die mit 5+ beginnt.<\/p>\n<\/div>\n\n\n\n<div class=\"wp-block-column is-vertically-aligned-center is-layout-flow wp-block-column-is-layout-flow\" style=\"flex-basis:50%\">\n<figure class=\"wp-block-image aligncenter size-full is-resized\"><img loading=\"lazy\" decoding=\"async\" width=\"300\" height=\"480\" src=\"https:\/\/www.kruemelsabenteuer.de\/wp-content\/uploads\/2025\/05\/eBook-Cover_-v3-1.jpg\" alt=\"\" class=\"wp-image-37\" style=\"width:200px\" srcset=\"https:\/\/www.kruemelsabenteuer.de\/wp-content\/uploads\/2025\/05\/eBook-Cover_-v3-1.jpg 300w, https:\/\/www.kruemelsabenteuer.de\/wp-content\/uploads\/2025\/05\/eBook-Cover_-v3-1-188x300.jpg 188w\" sizes=\"auto, (max-width: 300px) 100vw, 300px\" \/><\/figure>\n\n\n\n<div class=\"wp-block-columns are-vertically-aligned-center is-layout-flex wp-container-core-columns-is-layout-28f84493 wp-block-columns-is-layout-flex\">\n<div class=\"wp-block-column is-vertically-aligned-center is-layout-flow wp-block-column-is-layout-flow\">\n<figure class=\"wp-block-image alignright size-full is-resized is-style-default\"><img loading=\"lazy\" decoding=\"async\" width=\"106\" height=\"93\" src=\"https:\/\/www.kruemelsabenteuer.de\/wp-content\/uploads\/2025\/05\/Ab5Jahren-2.webp\" alt=\"\" class=\"wp-image-449\" style=\"width:106px;height:auto\"\/><\/figure>\n<\/div>\n\n\n\n<div class=\"wp-block-column is-vertically-aligned-center is-layout-flow wp-block-column-is-layout-flow\">\n<figure class=\"wp-block-image alignleft size-full is-resized is-style-default\"><img loading=\"lazy\" decoding=\"async\" width=\"200\" height=\"187\" src=\"https:\/\/www.kruemelsabenteuer.de\/wp-content\/uploads\/2025\/05\/Blume_Zum_Buch.webp\" alt=\"\" class=\"wp-image-444\" style=\"width:106px;height:auto\"\/><\/figure>\n<\/div>\n<\/div>\n<\/div>\n<\/div>\n\n\n\n<hr class=\"wp-block-separator has-alpha-channel-opacity is-style-wide is-style-wide--2\" style=\"margin-top:var(--wp--preset--spacing--30);margin-bottom:var(--wp--preset--spacing--30)\"\/>\n\n\n\n<h2 class=\"wp-block-heading has-text-align-center\"><strong>Die leisen Wunder \u2013 Serie 1<\/strong><\/h2>\n\n\n\n<p><\/p>\n\n\n\n<div class=\"wp-block-group alignfull is-style-default has-global-padding is-layout-constrained wp-block-group-is-layout-constrained\" style=\"margin-top:0;margin-bottom:0;padding-top:var(--wp--preset--spacing--60);padding-bottom:var(--wp--preset--spacing--60)\">\n<div class=\"wp-block-columns alignwide is-style-section-1 buch-card kr-aquabox is-layout-flex wp-container-core-columns-is-layout-643ced6b wp-block-columns-is-layout-flex is-style-section-1--3\" style=\"border-radius:30px;box-shadow:var(--wp--preset--shadow--natural)\">\n<div class=\"wp-block-column is-layout-flow wp-block-column-is-layout-flow\" style=\"flex-basis:40%\">\n<figure class=\"wp-block-image aligncenter size-full\"><img loading=\"lazy\" decoding=\"async\" width=\"200\" height=\"307\" src=\"https:\/\/www.kruemelsabenteuer.de\/wp-content\/uploads\/2025\/05\/Cover_eBook_200px.jpg\" alt=\"\" class=\"wp-image-83\" srcset=\"https:\/\/www.kruemelsabenteuer.de\/wp-content\/uploads\/2025\/05\/Cover_eBook_200px.jpg 200w, https:\/\/www.kruemelsabenteuer.de\/wp-content\/uploads\/2025\/05\/Cover_eBook_200px-195x300.jpg 195w\" sizes=\"auto, (max-width: 200px) 100vw, 200px\" \/><\/figure>\n\n\n\n<div class=\"wp-block-columns is-layout-flex wp-container-core-columns-is-layout-28f84493 wp-block-columns-is-layout-flex\">\n<div class=\"wp-block-column is-layout-flow wp-block-column-is-layout-flow\">\n<figure class=\"wp-block-image alignright size-full is-resized\"><img loading=\"lazy\" decoding=\"async\" width=\"200\" height=\"187\" src=\"https:\/\/www.kruemelsabenteuer.de\/wp-content\/uploads\/2025\/05\/Blume_Zum_Buch.webp\" alt=\"\" class=\"wp-image-444\" style=\"width:106px\"\/><\/figure>\n<\/div>\n\n\n\n<div class=\"wp-block-column is-layout-flow wp-block-column-is-layout-flow\">\n<figure class=\"wp-block-image alignleft size-full is-resized\"><img loading=\"lazy\" decoding=\"async\" width=\"106\" height=\"93\" src=\"https:\/\/www.kruemelsabenteuer.de\/wp-content\/uploads\/2025\/05\/Ab5Jahren-2.webp\" alt=\"\" class=\"wp-image-449\" style=\"width:106px\"\/><\/figure>\n<\/div>\n<\/div>\n<\/div>\n\n\n\n<div class=\"wp-block-column is-vertically-aligned-center is-layout-flow wp-block-column-is-layout-flow\" style=\"flex-basis:50%\">\n<h2 class=\"wp-block-heading\"><strong>Kr\u00fcmel und das Herz aus Licht<\/strong><\/h2>\n\n\n\n<p>Eines Tages findet Kr\u00fcmel ein seltsames, leuchtendes Herz unter dem Apfelbaum.<br>Was hat es mit dem sanften Licht auf sich?<br>Auf seiner Suche entdeckt Kr\u00fcmel, dass manchmal das gr\u00f6\u00dfte Wunder im Kleinen liegt \u2013 und dass jedes Herz, das wirklich sieht, leuchten kann.<\/p>\n<\/div>\n<\/div>\n<\/div>\n\n\n\n<div class=\"wp-block-group alignfull is-style-default has-global-padding is-layout-constrained wp-block-group-is-layout-constrained\" style=\"margin-top:0;margin-bottom:0;padding-top:var(--wp--preset--spacing--50);padding-bottom:var(--wp--preset--spacing--50)\">\n<div class=\"wp-block-columns alignwide is-style-section-5 buch-card kr-aquabox2 is-layout-flex wp-container-core-columns-is-layout-7ee84d44 wp-block-columns-is-layout-flex is-style-section-5--4\" style=\"border-radius:30px;box-shadow:var(--wp--preset--shadow--natural)\">\n<div class=\"wp-block-column is-vertically-aligned-center is-layout-flow wp-block-column-is-layout-flow\" style=\"flex-basis:50%\">\n<h2 class=\"wp-block-heading has-accent-2-color has-text-color has-link-color wp-elements-9ca6f32aa0f669a379cfd902599cf11d\"><strong>Kr\u00fcmel und das Funkeln im Garten<\/strong><\/h2>\n\n\n\n<p>Ein Morgen wie jeder andere \u2013 doch zwischen den Grashalmen wartet ein heimliches Funkeln auf Kr\u00fcmel.<br>Was verbirgt sich im stillen Garten?<br>Auf leisen Sohlen folgt Kr\u00fcmel dem Licht und entdeckt, dass kleine Wunder manchmal genau dort auftauchen, wo man sie am wenigsten erwartet.<\/p>\n<\/div>\n\n\n\n<div class=\"wp-block-column is-vertically-aligned-center is-layout-flow wp-block-column-is-layout-flow\" style=\"flex-basis:50%\">\n<figure class=\"wp-block-image aligncenter size-full\"><img loading=\"lazy\" decoding=\"async\" width=\"200\" height=\"307\" src=\"https:\/\/www.kruemelsabenteuer.de\/wp-content\/uploads\/2025\/05\/Cover_eBook-200px.jpg\" alt=\"\" class=\"wp-image-84\" srcset=\"https:\/\/www.kruemelsabenteuer.de\/wp-content\/uploads\/2025\/05\/Cover_eBook-200px.jpg 200w, https:\/\/www.kruemelsabenteuer.de\/wp-content\/uploads\/2025\/05\/Cover_eBook-200px-195x300.jpg 195w\" sizes=\"auto, (max-width: 200px) 100vw, 200px\" \/><\/figure>\n\n\n\n<div class=\"wp-block-columns is-layout-flex wp-container-core-columns-is-layout-28f84493 wp-block-columns-is-layout-flex\">\n<div class=\"wp-block-column is-layout-flow wp-block-column-is-layout-flow\">\n<figure class=\"wp-block-image alignright size-full is-resized\"><img loading=\"lazy\" decoding=\"async\" width=\"106\" height=\"93\" src=\"https:\/\/www.kruemelsabenteuer.de\/wp-content\/uploads\/2025\/05\/Ab5Jahren-2.webp\" alt=\"\" class=\"wp-image-449\" style=\"width:106px\"\/><\/figure>\n<\/div>\n\n\n\n<div class=\"wp-block-column is-layout-flow wp-block-column-is-layout-flow\">\n<figure class=\"wp-block-image alignleft size-full is-resized\"><img loading=\"lazy\" decoding=\"async\" width=\"200\" height=\"187\" src=\"https:\/\/www.kruemelsabenteuer.de\/wp-content\/uploads\/2025\/05\/Blume_Zum_Buch.webp\" alt=\"\" class=\"wp-image-444\" style=\"width:106px\"\/><\/figure>\n<\/div>\n<\/div>\n<\/div>\n<\/div>\n<\/div>\n\n\n\n<div class=\"wp-block-group alignfull is-style-default has-global-padding is-layout-constrained wp-block-group-is-layout-constrained\" style=\"margin-top:0;margin-bottom:0;padding-top:var(--wp--preset--spacing--60);padding-bottom:var(--wp--preset--spacing--60)\">\n<div class=\"wp-block-columns alignwide is-style-section-1 buch-card kr-aquabox is-layout-flex wp-container-core-columns-is-layout-643ced6b wp-block-columns-is-layout-flex is-style-section-1--5\" style=\"border-radius:30px;box-shadow:var(--wp--preset--shadow--natural)\">\n<div class=\"wp-block-column is-layout-flow wp-block-column-is-layout-flow\" style=\"flex-basis:40%\">\n<figure class=\"wp-block-image aligncenter size-full\"><img loading=\"lazy\" decoding=\"async\" width=\"200\" height=\"307\" src=\"https:\/\/www.kruemelsabenteuer.de\/wp-content\/uploads\/2025\/05\/Cover_eBook-200px-1.jpg\" alt=\"\" class=\"wp-image-85\" srcset=\"https:\/\/www.kruemelsabenteuer.de\/wp-content\/uploads\/2025\/05\/Cover_eBook-200px-1.jpg 200w, https:\/\/www.kruemelsabenteuer.de\/wp-content\/uploads\/2025\/05\/Cover_eBook-200px-1-195x300.jpg 195w\" sizes=\"auto, (max-width: 200px) 100vw, 200px\" \/><\/figure>\n\n\n\n<div class=\"wp-block-columns is-layout-flex wp-container-core-columns-is-layout-28f84493 wp-block-columns-is-layout-flex\">\n<div class=\"wp-block-column is-layout-flow wp-block-column-is-layout-flow\">\n<figure class=\"wp-block-image alignright size-full is-resized\"><img loading=\"lazy\" decoding=\"async\" width=\"200\" height=\"187\" src=\"https:\/\/www.kruemelsabenteuer.de\/wp-content\/uploads\/2025\/05\/Blume_Zum_Buch.webp\" alt=\"\" class=\"wp-image-444\" style=\"width:106px\"\/><\/figure>\n<\/div>\n\n\n\n<div class=\"wp-block-column is-layout-flow wp-block-column-is-layout-flow\">\n<figure class=\"wp-block-image alignleft size-full is-resized\"><img loading=\"lazy\" decoding=\"async\" width=\"106\" height=\"93\" src=\"https:\/\/www.kruemelsabenteuer.de\/wp-content\/uploads\/2025\/05\/Ab5Jahren-2.webp\" alt=\"\" class=\"wp-image-449\" style=\"width:106px\"\/><\/figure>\n<\/div>\n<\/div>\n<\/div>\n\n\n\n<div class=\"wp-block-column is-vertically-aligned-center is-layout-flow wp-block-column-is-layout-flow\" style=\"flex-basis:50%\">\n<h2 class=\"wp-block-heading\"><strong>Kr\u00fcmel und das fl\u00fcsternde Gras<\/strong><\/h2>\n\n\n\n<p>An einem besonderen Morgen h\u00f6rt Kr\u00fcmel ein leises Fl\u00fcstern im Gras.<br>Neugierig folgt er den sanften Stimmen durch Garten, Wiese und Traum \u2013<br>und entdeckt, wie viel Zauber in den kleinen Dingen steckt,<br>wenn man nur still genug zuh\u00f6rt.<\/p>\n<\/div>\n<\/div>\n<\/div>\n\n\n\n<div class=\"wp-block-group alignfull is-style-default has-global-padding is-layout-constrained wp-block-group-is-layout-constrained\" style=\"margin-top:0;margin-bottom:0;padding-top:var(--wp--preset--spacing--50);padding-bottom:var(--wp--preset--spacing--50)\">\n<div class=\"wp-block-columns alignwide is-style-section-5 buch-card kr-aquabox2 is-layout-flex wp-container-core-columns-is-layout-7ee84d44 wp-block-columns-is-layout-flex is-style-section-5--6\" style=\"border-radius:30px;box-shadow:var(--wp--preset--shadow--natural)\">\n<div class=\"wp-block-column is-vertically-aligned-center is-layout-flow wp-block-column-is-layout-flow\" style=\"flex-basis:50%\">\n<h2 class=\"wp-block-heading has-accent-2-color has-text-color has-link-color wp-elements-88fcb84ede855b323f6537019e1599a7\"><strong>Kr\u00fcmel und der verschwundene L\u00f6ffel<\/strong><\/h2>\n\n\n\n<p>An einem stillen Morgen entdeckt Kr\u00fcmel, dass sein liebster L\u00f6ffel verschwunden ist.<br>Die Suche f\u00fchrt ihn durch den Garten, zu alten Freunden, kleinen R\u00e4tseln und neuen Spuren.<br>Manchmal sind es die kleinsten Dinge, die das gr\u00f6\u00dfte Abenteuer beginnen \u2013 und manchmal findet man am Ende mehr als das, was man gesucht hat.<\/p>\n<\/div>\n\n\n\n<div class=\"wp-block-column is-vertically-aligned-center is-layout-flow wp-block-column-is-layout-flow\" style=\"flex-basis:50%\">\n<figure class=\"wp-block-image aligncenter size-full\"><img loading=\"lazy\" decoding=\"async\" width=\"200\" height=\"303\" src=\"https:\/\/www.kruemelsabenteuer.de\/wp-content\/uploads\/2025\/05\/Cover_eBook-200px-2.jpg\" alt=\"\" class=\"wp-image-86\" srcset=\"https:\/\/www.kruemelsabenteuer.de\/wp-content\/uploads\/2025\/05\/Cover_eBook-200px-2.jpg 200w, https:\/\/www.kruemelsabenteuer.de\/wp-content\/uploads\/2025\/05\/Cover_eBook-200px-2-198x300.jpg 198w\" sizes=\"auto, (max-width: 200px) 100vw, 200px\" \/><\/figure>\n\n\n\n<div class=\"wp-block-columns is-layout-flex wp-container-core-columns-is-layout-28f84493 wp-block-columns-is-layout-flex\">\n<div class=\"wp-block-column is-layout-flow wp-block-column-is-layout-flow\">\n<figure class=\"wp-block-image alignright size-full is-resized\"><img loading=\"lazy\" decoding=\"async\" width=\"106\" height=\"93\" src=\"https:\/\/www.kruemelsabenteuer.de\/wp-content\/uploads\/2025\/05\/Ab5Jahren-2.webp\" alt=\"\" class=\"wp-image-449\" style=\"width:106px\"\/><\/figure>\n<\/div>\n\n\n\n<div class=\"wp-block-column is-layout-flow wp-block-column-is-layout-flow\">\n<figure class=\"wp-block-image alignleft size-full is-resized\"><img loading=\"lazy\" decoding=\"async\" width=\"200\" height=\"187\" src=\"https:\/\/www.kruemelsabenteuer.de\/wp-content\/uploads\/2025\/05\/Blume_Zum_Buch.webp\" alt=\"\" class=\"wp-image-444\" style=\"width:106px\"\/><\/figure>\n<\/div>\n<\/div>\n<\/div>\n<\/div>\n<\/div>\n\n\n\n<div class=\"wp-block-group alignfull is-style-default has-global-padding is-layout-constrained wp-block-group-is-layout-constrained\" style=\"margin-top:0;margin-bottom:0;padding-top:var(--wp--preset--spacing--60);padding-bottom:var(--wp--preset--spacing--60)\">\n<div class=\"wp-block-columns alignwide is-style-section-1 buch-card kr-aquabox is-layout-flex wp-container-core-columns-is-layout-643ced6b wp-block-columns-is-layout-flex is-style-section-1--7\" style=\"border-style:none;border-width:0px;box-shadow:var(--wp--preset--shadow--natural)\">\n<div class=\"wp-block-column is-layout-flow wp-block-column-is-layout-flow\" style=\"flex-basis:40%\">\n<figure class=\"wp-block-image aligncenter size-full is-resized\"><img loading=\"lazy\" decoding=\"async\" width=\"684\" height=\"926\" src=\"https:\/\/www.kruemelsabenteuer.de\/wp-content\/uploads\/2025\/05\/kruemel_sitzt_1.webp\" alt=\"\" class=\"wp-image-370\" style=\"width:208px;height:auto\" srcset=\"https:\/\/www.kruemelsabenteuer.de\/wp-content\/uploads\/2025\/05\/kruemel_sitzt_1.webp 684w, https:\/\/www.kruemelsabenteuer.de\/wp-content\/uploads\/2025\/05\/kruemel_sitzt_1-600x812.webp 600w, https:\/\/www.kruemelsabenteuer.de\/wp-content\/uploads\/2025\/05\/kruemel_sitzt_1-222x300.webp 222w\" sizes=\"auto, (max-width: 684px) 100vw, 684px\" \/><\/figure>\n\n\n\n<div class=\"wp-block-columns is-layout-flex wp-container-core-columns-is-layout-28f84493 wp-block-columns-is-layout-flex\">\n<div class=\"wp-block-column is-layout-flow wp-block-column-is-layout-flow\">\n<figure class=\"wp-block-image alignright size-full is-resized\"><img loading=\"lazy\" decoding=\"async\" width=\"200\" height=\"187\" src=\"https:\/\/www.kruemelsabenteuer.de\/wp-content\/uploads\/2025\/05\/Blume_Zum_Buch.webp\" alt=\"\" class=\"wp-image-444\" style=\"width:106px\"\/><\/figure>\n<\/div>\n\n\n\n<div class=\"wp-block-column is-layout-flow wp-block-column-is-layout-flow\">\n<figure class=\"wp-block-image alignleft size-full is-resized\"><img loading=\"lazy\" decoding=\"async\" width=\"106\" height=\"93\" src=\"https:\/\/www.kruemelsabenteuer.de\/wp-content\/uploads\/2025\/05\/Ab5Jahren-2.webp\" alt=\"\" class=\"wp-image-449\" style=\"width:106px\"\/><\/figure>\n<\/div>\n<\/div>\n<\/div>\n\n\n\n<div class=\"wp-block-column is-vertically-aligned-center is-layout-flow wp-block-column-is-layout-flow\" style=\"flex-basis:50%\">\n<h2 class=\"wp-block-heading\"><strong>Kr\u00fcmel und die Katze mit dem wei\u00dfen Ohr<\/strong><\/h2>\n\n\n\n<p>Im Hof begegnet Kr\u00fcmel einer besonderen Katze, die nicht zu jedem kommt \u2013 und doch pl\u00f6tzlich ganz nah ist.<br>Mit schnurrenden Momenten, leisen Spielen und einem frechen Tanz erleben Kr\u00fcmel und seine Freunde, wie schnell aus Fremden Freunde werden k\u00f6nnen.<\/p>\n<\/div>\n<\/div>\n<\/div>\n\n\n\n<p><\/p>\n","protected":false},"excerpt":{"rendered":"<p>Ein Freund f\u00fcr Kr\u00fcmel Ein kleiner Ausflug in die gro\u00dfe Stadt \u2013 und ein Abenteuer, das das Herz ver\u00e4ndert.Talin reist mit seiner Familie nach Elarion, der Hauptstadt des K\u00f6nigreichs. Zwischen Gassen, G\u00e4rten und goldenen T\u00fcrmen entdeckt er nicht nur neue Ger\u00fcche und Ger\u00e4usche \u2013 sondern auch einen geheimen Ort, einen Jungen namens Kr\u00fcmel und das [&hellip;]<\/p>\n","protected":false},"author":1,"featured_media":0,"parent":35,"menu_order":0,"comment_status":"closed","ping_status":"closed","template":"","meta":{"footnotes":""},"class_list":["post-81","page","type-page","status-publish","hentry"],"_links":{"self":[{"href":"https:\/\/www.kruemelsabenteuer.de\/index.php?rest_route=\/wp\/v2\/pages\/81","targetHints":{"allow":["GET"]}}],"collection":[{"href":"https:\/\/www.kruemelsabenteuer.de\/index.php?rest_route=\/wp\/v2\/pages"}],"about":[{"href":"https:\/\/www.kruemelsabenteuer.de\/index.php?rest_route=\/wp\/v2\/types\/page"}],"author":[{"embeddable":true,"href":"https:\/\/www.kruemelsabenteuer.de\/index.php?rest_route=\/wp\/v2\/users\/1"}],"replies":[{"embeddable":true,"href":"https:\/\/www.kruemelsabenteuer.de\/index.php?rest_route=%2Fwp%2Fv2%2Fcomments&post=81"}],"version-history":[{"count":41,"href":"https:\/\/www.kruemelsabenteuer.de\/index.php?rest_route=\/wp\/v2\/pages\/81\/revisions"}],"predecessor-version":[{"id":544,"href":"https:\/\/www.kruemelsabenteuer.de\/index.php?rest_route=\/wp\/v2\/pages\/81\/revisions\/544"}],"up":[{"embeddable":true,"href":"https:\/\/www.kruemelsabenteuer.de\/index.php?rest_route=\/wp\/v2\/pages\/35"}],"wp:attachment":[{"href":"https:\/\/www.kruemelsabenteuer.de\/index.php?rest_route=%2Fwp%2Fv2%2Fmedia&parent=81"}],"curies":[{"name":"wp","href":"https:\/\/api.w.org\/{rel}","templated":true}]}}